{"id":152,"date":"2024-11-06T22:09:53","date_gmt":"2024-11-06T22:09:53","guid":{"rendered":"https:\/\/plateaubjj.com\/?page_id=152"},"modified":"2025-11-01T18:20:35","modified_gmt":"2025-11-01T18:20:35","slug":"thai-kickboxing","status":"publish","type":"page","link":"https:\/\/plateaubjj.com\/fr\/thai-kickboxing\/","title":{"rendered":"Thai Kickboxing"},"content":{"rendered":"<div class=\"wp-block-image\">\n<figure class=\"aligncenter size-large\"><img loading=\"lazy\" decoding=\"async\" width=\"1024\" height=\"768\" src=\"https:\/\/plateaubjj.com\/wp-content\/uploads\/2024\/11\/Kratay-1024x768.jpg\" alt=\"\" class=\"wp-image-153\" srcset=\"https:\/\/plateaubjj.com\/wp-content\/uploads\/2024\/11\/Kratay-1024x768.jpg 1024w, https:\/\/plateaubjj.com\/wp-content\/uploads\/2024\/11\/Kratay-300x225.jpg 300w, https:\/\/plateaubjj.com\/wp-content\/uploads\/2024\/11\/Kratay-768x576.jpg 768w, https:\/\/plateaubjj.com\/wp-content\/uploads\/2024\/11\/Kratay-1536x1152.jpg 1536w, https:\/\/plateaubjj.com\/wp-content\/uploads\/2024\/11\/Kratay-16x12.jpg 16w, https:\/\/plateaubjj.com\/wp-content\/uploads\/2024\/11\/Kratay.jpg 2048w\" sizes=\"auto, (max-width: 1024px) 100vw, 1024px\" \/><\/figure>\n<\/div>\n\n\n<p>Plateau BJJ est \u00e9galement le lieu de pratique du Kratay Thai Kickboxing. Nous sommes tr\u00e8s enthousiastes \u00e0 l'id\u00e9e de partager notre espace avec eux en tant qu'autre nouvelle \u00e9quipe en pleine croissance !<\/p>\n\n\n\n<div class=\"wp-block-media-text is-stacked-on-mobile\"><figure class=\"wp-block-media-text__media\"><img loading=\"lazy\" decoding=\"async\" width=\"567\" height=\"669\" src=\"https:\/\/plateaubjj.com\/wp-content\/uploads\/2024\/11\/Joe2.jpg\" alt=\"\" class=\"wp-image-154 size-full\" srcset=\"https:\/\/plateaubjj.com\/wp-content\/uploads\/2024\/11\/Joe2.jpg 567w, https:\/\/plateaubjj.com\/wp-content\/uploads\/2024\/11\/Joe2-254x300.jpg 254w, https:\/\/plateaubjj.com\/wp-content\/uploads\/2024\/11\/Joe2-10x12.jpg 10w\" sizes=\"auto, (max-width: 567px) 100vw, 567px\" \/><\/figure><div class=\"wp-block-media-text__content\">\n<p>Joseph Rabbat, \u00e9galement connu sous le nom de \u00ab Joe Rabbit \u00bb, s'est plong\u00e9 dans les arts martiaux d\u00e8s son plus jeune \u00e2ge, en commen\u00e7ant par le kickboxing \u00e0 14 ans et en passant au muay tha\u00ef \u00e0 l'\u00e2ge adulte. Pendant son s\u00e9jour en Tha\u00eflande, il a perfectionn\u00e9 ses comp\u00e9tences et approfondi sa passion pour ce sport, ce qui l'a amen\u00e9 \u00e0 devenir un entra\u00eeneur professionnel certifi\u00e9 \u00e0 son retour. En mettant l'accent sur la cr\u00e9ation d'une atmosph\u00e8re amusante et accessible tout en maintenant un environnement d'entra\u00eenement stimulant, Joe vise \u00e0 rendre les arts martiaux accessibles \u00e0 tous, qu'il s'agisse d'apprendre l'autod\u00e9fense ou de se mettre en forme. En tant qu'entra\u00eeneur certifi\u00e9 de Muay Thai, Joe se consacre \u00e0 partager son amour pour l'art du Muay Thai, ce qui le pousse \u00e0 enseigner et \u00e0 inspirer les autres dans leur parcours de remise en forme et d'arts martiaux.<br><\/p>\n<\/div><\/div>\n\n\n\n<p><\/p>","protected":false},"excerpt":{"rendered":"<p>Plateau BJJ is also home to Kratay Thai Kickboxing. We are very excited to share our space with them as another new growing team! Joseph Rabbat, also known as &#8220;Joe Rabbit,&#8221; has been immersed in martial arts from a young age, starting with kickboxing at 14 and transitioning to Muay Thai in adulthood. During his&hellip;&nbsp;<a href=\"https:\/\/plateaubjj.com\/fr\/thai-kickboxing\/\" rel=\"bookmark\">Lire la suite &raquo;<span class=\"screen-reader-text\">Thai Kickboxing<\/span><\/a><\/p>","protected":false},"author":1,"featured_media":0,"parent":0,"menu_order":0,"comment_status":"closed","ping_status":"closed","template":"","meta":{"neve_meta_sidebar":"","neve_meta_container":"","neve_meta_enable_content_width":"","neve_meta_content_width":0,"neve_meta_title_alignment":"","neve_meta_author_avatar":"","neve_post_elements_order":"","neve_meta_disable_header":"","neve_meta_disable_footer":"","neve_meta_disable_title":"","footnotes":""},"class_list":["post-152","page","type-page","status-publish","hentry"],"brizy_media":[],"_links":{"self":[{"href":"https:\/\/plateaubjj.com\/fr\/wp-json\/wp\/v2\/pages\/152","targetHints":{"allow":["GET"]}}],"collection":[{"href":"https:\/\/plateaubjj.com\/fr\/wp-json\/wp\/v2\/pages"}],"about":[{"href":"https:\/\/plateaubjj.com\/fr\/wp-json\/wp\/v2\/types\/page"}],"author":[{"embeddable":true,"href":"https:\/\/plateaubjj.com\/fr\/wp-json\/wp\/v2\/users\/1"}],"replies":[{"embeddable":true,"href":"https:\/\/plateaubjj.com\/fr\/wp-json\/wp\/v2\/comments?post=152"}],"version-history":[{"count":1,"href":"https:\/\/plateaubjj.com\/fr\/wp-json\/wp\/v2\/pages\/152\/revisions"}],"predecessor-version":[{"id":155,"href":"https:\/\/plateaubjj.com\/fr\/wp-json\/wp\/v2\/pages\/152\/revisions\/155"}],"wp:attachment":[{"href":"https:\/\/plateaubjj.com\/fr\/wp-json\/wp\/v2\/media?parent=152"}],"curies":[{"name":"wp","href":"https:\/\/api.w.org\/{rel}","templated":true}]}}