{"id":58,"date":"2023-12-25T03:48:33","date_gmt":"2023-12-25T03:48:33","guid":{"rendered":"https:\/\/plateaubjj.com\/?page_id=58"},"modified":"2025-11-01T18:20:35","modified_gmt":"2025-11-01T18:20:35","slug":"sign-up","status":"publish","type":"page","link":"https:\/\/plateaubjj.com\/fr\/sign-up\/","title":{"rendered":"S'inscrire"},"content":{"rendered":"<p>Taxes Inclus.<\/p>\n\n\n\n<iframe loading=\"lazy\" \n    src=\"https:\/\/blackline.pushpress.com\/landing\/plans?category=plcat_vf75r0pwtgh3wc\" \n    width=\"100%\" \n    height=\"1200\" \n    frameborder=\"0\" \n    style=\"border: none; overflow: hidden;\">\n<\/iframe>\n\n\n\n<p>Apr\u00e8s l'achat, veuillez cr\u00e9er votre compte et t\u00e9l\u00e9charger notre application membres sur iOS ou Android pour r\u00e9server vos cours et g\u00e9rer votre compte.<\/p>\n\n\n\n<p><a href=\"https:\/\/apps.apple.com\/us\/app\/black-line-jiu-jitsu\/id6474447414\">https:\/\/apps.apple.com\/us\/app\/black-line-jiu-jitsu\/id6474447414<\/a><\/p>\n\n\n\n<p><a href=\"https:\/\/play.google.com\/store\/apps\/details?id=com.pushpress.blacklinejiujitsu\">https:\/\/play.google.com\/store\/apps\/details?id=com.pushpress.blacklinejiujitsu<\/a><\/p>","protected":false},"excerpt":{"rendered":"<p>Prices are tax in After purchase please create your account and download our members app on iOS or Android to reserve your classes and manager your account. https:\/\/apps.apple.com\/us\/app\/black-line-jiu-jitsu\/id6474447414 https:\/\/play.google.com\/store\/apps\/details?id=com.pushpress.blacklinejiujitsu<\/p>","protected":false},"author":1,"featured_media":0,"parent":0,"menu_order":0,"comment_status":"closed","ping_status":"closed","template":"","meta":{"neve_meta_sidebar":"","neve_meta_container":"","neve_meta_enable_content_width":"","neve_meta_content_width":0,"neve_meta_title_alignment":"","neve_meta_author_avatar":"","neve_post_elements_order":"","neve_meta_disable_header":"","neve_meta_disable_footer":"","neve_meta_disable_title":"","footnotes":"[]"},"class_list":["post-58","page","type-page","status-publish","hentry"],"brizy_media":[],"_links":{"self":[{"href":"https:\/\/plateaubjj.com\/fr\/wp-json\/wp\/v2\/pages\/58","targetHints":{"allow":["GET"]}}],"collection":[{"href":"https:\/\/plateaubjj.com\/fr\/wp-json\/wp\/v2\/pages"}],"about":[{"href":"https:\/\/plateaubjj.com\/fr\/wp-json\/wp\/v2\/types\/page"}],"author":[{"embeddable":true,"href":"https:\/\/plateaubjj.com\/fr\/wp-json\/wp\/v2\/users\/1"}],"replies":[{"embeddable":true,"href":"https:\/\/plateaubjj.com\/fr\/wp-json\/wp\/v2\/comments?post=58"}],"version-history":[{"count":5,"href":"https:\/\/plateaubjj.com\/fr\/wp-json\/wp\/v2\/pages\/58\/revisions"}],"predecessor-version":[{"id":177,"href":"https:\/\/plateaubjj.com\/fr\/wp-json\/wp\/v2\/pages\/58\/revisions\/177"}],"wp:attachment":[{"href":"https:\/\/plateaubjj.com\/fr\/wp-json\/wp\/v2\/media?parent=58"}],"curies":[{"name":"wp","href":"https:\/\/api.w.org\/{rel}","templated":true}]}}